{"id":16,"date":"2020-02-09T18:28:55","date_gmt":"2020-02-09T18:28:55","guid":{"rendered":"http:\/\/dronedsilence.com\/?page_id=16"},"modified":"2020-02-16T17:03:41","modified_gmt":"2020-02-16T17:03:41","slug":"ueber","status":"publish","type":"page","link":"https:\/\/dronedsilence.com\/","title":{"rendered":"\u00dcber&#8230;"},"content":{"rendered":"\n<p>Droned Silence ist ein Ambient Doom Drone Metal Projekt aus dem M\u00fcnsterland. Das Ziel dieses Projektes ist es, auf eine experimentelle Art und Weise die unterschiedlichsten (Metal, Doom, Ambient) Stile auf eine bisher nicht\u00a0existierende Art und Weise miteinander zu verbinden.Die Idee ist harte, extreme Musik keine Grenzen zu setzen &#8211; alles soll m\u00f6glich sein:<\/p>\n\n\n\n<p>Auf unterschiedlicher Art und Weise werden mit au\u00dfergew\u00f6hnlichen Mitteln Bild- und Soundcollagen geschaffen. Diese Collagen sollen nicht als ein herk\u00f6mmlichen (Metal) Song verstanden werden, sondern als Sounds und Kl\u00e4nge, die die verschiedenste Stimmungen und Eindr\u00fccke transportieren.&nbsp;Im Konzept von Droned Silence geh\u00f6ren keine Live Auftritte, aber Droned Silence sucht f\u00fcr seine Klangwelten immer neue Ideen und M\u00f6glichkeiten.&nbsp;Die musikalische Einfl\u00fcsse sind: Neurosis, Sunn 0)), Russian Circles, This will destroy you, [Bolt], Thisquietarmy&#8230;<\/p>\n","protected":false},"excerpt":{"rendered":"<p>Droned Silence ist ein Ambient Doom Drone Metal Projekt aus dem M\u00fcnsterland. Das Ziel dieses Projektes ist es, auf eine experimentelle Art und Weise die unterschiedlichsten (Metal, Doom, Ambient) Stile auf eine bisher nicht\u00a0existierende Art und Weise miteinander zu verbinden.Die Idee ist harte, extreme Musik keine Grenzen zu setzen &#8211; alles soll m\u00f6glich sein: Auf &hellip; <a href=\"https:\/\/dronedsilence.com\/\" class=\"more-link\"><span class=\"screen-reader-text\">\u00dcber&#8230;<\/span> weiterlesen <span class=\"meta-nav\">&rarr;<\/span><\/a><\/p>\n","protected":false},"author":1,"featured_media":0,"parent":0,"menu_order":0,"comment_status":"closed","ping_status":"closed","template":"","meta":{"spay_email":""},"_links":{"self":[{"href":"https:\/\/dronedsilence.com\/index.php?rest_route=\/wp\/v2\/pages\/16"}],"collection":[{"href":"https:\/\/dronedsilence.com\/index.php?rest_route=\/wp\/v2\/pages"}],"about":[{"href":"https:\/\/dronedsilence.com\/index.php?rest_route=\/wp\/v2\/types\/page"}],"author":[{"embeddable":true,"href":"https:\/\/dronedsilence.com\/index.php?rest_route=\/wp\/v2\/users\/1"}],"replies":[{"embeddable":true,"href":"https:\/\/dronedsilence.com\/index.php?rest_route=%2Fwp%2Fv2%2Fcomments&post=16"}],"version-history":[{"count":3,"href":"https:\/\/dronedsilence.com\/index.php?rest_route=\/wp\/v2\/pages\/16\/revisions"}],"predecessor-version":[{"id":25,"href":"https:\/\/dronedsilence.com\/index.php?rest_route=\/wp\/v2\/pages\/16\/revisions\/25"}],"wp:attachment":[{"href":"https:\/\/dronedsilence.com\/index.php?rest_route=%2Fwp%2Fv2%2Fmedia&parent=16"}],"curies":[{"name":"wp","href":"https:\/\/api.w.org\/{rel}","templated":true}]}}